{"id":270,"date":"2025-08-11T08:40:12","date_gmt":"2025-08-11T08:40:12","guid":{"rendered":"https:\/\/merseburg-weine.80.com-online.com\/?post_type=product&#038;p=270"},"modified":"2025-08-11T08:40:12","modified_gmt":"2025-08-11T08:40:12","slug":"lelegance-demile-2024-weiss-ab-12-24","status":"publish","type":"product","link":"https:\/\/merseburg-weine.80.com-online.com\/?product=lelegance-demile-2024-weiss-ab-12-24","title":{"rendered":"L&#8217;\u00e9l\u00e9gance D&#8217;\u00e9mile 2024 weiss ab 12\/24"},"content":{"rendered":"<p>13,5% vol.<\/p>\n","protected":false},"excerpt":{"rendered":"<p>13,5% vol.<\/p>\n","protected":false},"featured_media":115,"comment_status":"open","ping_status":"closed","template":"","meta":[],"product_brand":[],"product_cat":[15],"product_tag":[],"class_list":{"0":"post-270","1":"product","2":"type-product","3":"status-publish","4":"has-post-thumbnail","6":"product_cat-uncategorized","8":"first","9":"instock","10":"shipping-taxable","11":"purchasable","12":"product-type-simple"},"_links":{"self":[{"href":"https:\/\/merseburg-weine.80.com-online.com\/index.php?rest_route=\/wp\/v2\/product\/270","targetHints":{"allow":["GET"]}}],"collection":[{"href":"https:\/\/merseburg-weine.80.com-online.com\/index.php?rest_route=\/wp\/v2\/product"}],"about":[{"href":"https:\/\/merseburg-weine.80.com-online.com\/index.php?rest_route=\/wp\/v2\/types\/product"}],"replies":[{"embeddable":true,"href":"https:\/\/merseburg-weine.80.com-online.com\/index.php?rest_route=%2Fwp%2Fv2%2Fcomments&post=270"}],"wp:featuredmedia":[{"embeddable":true,"href":"https:\/\/merseburg-weine.80.com-online.com\/index.php?rest_route=\/wp\/v2\/media\/115"}],"wp:attachment":[{"href":"https:\/\/merseburg-weine.80.com-online.com\/index.php?rest_route=%2Fwp%2Fv2%2Fmedia&parent=270"}],"wp:term":[{"taxonomy":"product_brand","embeddable":true,"href":"https:\/\/merseburg-weine.80.com-online.com\/index.php?rest_route=%2Fwp%2Fv2%2Fproduct_brand&post=270"},{"taxonomy":"product_cat","embeddable":true,"href":"https:\/\/merseburg-weine.80.com-online.com\/index.php?rest_route=%2Fwp%2Fv2%2Fproduct_cat&post=270"},{"taxonomy":"product_tag","embeddable":true,"href":"https:\/\/merseburg-weine.80.com-online.com\/index.php?rest_route=%2Fwp%2Fv2%2Fproduct_tag&post=270"}],"curies":[{"name":"wp","href":"https:\/\/api.w.org\/{rel}","templated":true}]}}